{"id":126,"date":"2018-11-26T12:45:57","date_gmt":"2018-11-26T12:45:57","guid":{"rendered":"http:\/\/1b9ef041-cbf1-4c0a-9c59-0a68419f5df5.clouding.host\/?page_id=126"},"modified":"2025-01-30T11:32:08","modified_gmt":"2025-01-30T10:32:08","slug":"about","status":"publish","type":"page","link":"https:\/\/autosiniestros24.com\/en\/about\/","title":{"rendered":"Nosotros"},"content":{"rendered":"<div data-elementor-type=\"wp-post\" data-elementor-id=\"126\" class=\"elementor elementor-126\" data-elementor-post-type=\"page\">\n\t\t\t\t\t\t<section class=\"elementor-section elementor-top-section elementor-element elementor-element-688ad38 elementor-section-content-middle elementor-section-boxed elementor-section-height-default elementor-section-height-default\" data-id=\"688ad38\" data-element_type=\"section\" data-e-type=\"section\" data-settings=\"{&quot;background_background&quot;:&quot;classic&quot;,&quot;ekit_has_onepagescroll_dot&quot;:&quot;yes&quot;}\">\n\t\t\t\t\t\t\t<div class=\"elementor-background-overlay\"><\/div>\n\t\t\t\t\t\t\t<div class=\"elementor-container elementor-column-gap-no\">\n\t\t\t\t\t<div class=\"elementor-column elementor-col-100 elementor-top-column elementor-element elementor-element-148e58a\" data-id=\"148e58a\" data-element_type=\"column\" data-e-type=\"column\">\n\t\t\t<div class=\"elementor-widget-wrap elementor-element-populated\">\n\t\t\t\t\t\t<div class=\"elementor-element elementor-element-d915ffa elementor-widget elementor-widget-heading\" data-id=\"d915ffa\" data-element_type=\"widget\" data-e-type=\"widget\" data-settings=\"{&quot;ekit_we_effect_on&quot;:&quot;none&quot;}\" data-widget_type=\"heading.default\">\n\t\t\t\t<div class=\"elementor-widget-container\">\n\t\t\t\t\t<h1 class=\"elementor-heading-title elementor-size-default\">quienes somos<\/h1>\t\t\t\t<\/div>\n\t\t\t\t<\/div>\n\t\t\t\t\t<\/div>\n\t\t<\/div>\n\t\t\t\t\t<\/div>\n\t\t<\/section>\n\t\t\t\t<section class=\"elementor-section elementor-top-section elementor-element elementor-element-303906c elementor-section-content-top elementor-section-boxed elementor-section-height-default elementor-section-height-default\" data-id=\"303906c\" data-element_type=\"section\" data-e-type=\"section\" data-settings=\"{&quot;ekit_has_onepagescroll_dot&quot;:&quot;yes&quot;}\">\n\t\t\t\t\t\t<div class=\"elementor-container elementor-column-gap-no\">\n\t\t\t\t\t<div class=\"elementor-column elementor-col-50 elementor-top-column elementor-element elementor-element-79e7669\" data-id=\"79e7669\" data-element_type=\"column\" data-e-type=\"column\">\n\t\t\t<div class=\"elementor-widget-wrap elementor-element-populated\">\n\t\t\t\t<div class=\"elementor-element elementor-element-fb10163 e-flex e-con-boxed e-con e-parent\" data-id=\"fb10163\" data-element_type=\"container\" data-e-type=\"container\" data-settings=\"{&quot;ekit_has_onepagescroll_dot&quot;:&quot;yes&quot;}\">\n\t\t\t\t\t<div class=\"e-con-inner\">\n\t\t\t\t<div class=\"elementor-element elementor-element-6e2ad1a elementor-widget elementor-widget-image\" data-id=\"6e2ad1a\" data-element_type=\"widget\" data-e-type=\"widget\" data-settings=\"{&quot;ekit_we_effect_on&quot;:&quot;none&quot;}\" data-widget_type=\"image.default\">\n\t\t\t\t<div class=\"elementor-widget-container\">\n\t\t\t\t\t\t\t\t\t\t\t\t\t\t\t<img fetchpriority=\"high\" decoding=\"async\" width=\"1024\" height=\"1024\" src=\"https:\/\/autosiniestros24.com\/wp-content\/uploads\/2023\/11\/e2gANAKSQAS5IkTfHNX90Q.jpg\" class=\"attachment-large size-large wp-image-668\" alt=\"\" srcset=\"https:\/\/autosiniestros24.com\/wp-content\/uploads\/2023\/11\/e2gANAKSQAS5IkTfHNX90Q.jpg 1024w, https:\/\/autosiniestros24.com\/wp-content\/uploads\/2023\/11\/e2gANAKSQAS5IkTfHNX90Q-300x300.jpg 300w, https:\/\/autosiniestros24.com\/wp-content\/uploads\/2023\/11\/e2gANAKSQAS5IkTfHNX90Q-150x150.jpg 150w, https:\/\/autosiniestros24.com\/wp-content\/uploads\/2023\/11\/e2gANAKSQAS5IkTfHNX90Q-768x768.jpg 768w\" sizes=\"(max-width: 1024px) 100vw, 1024px\" \/>\t\t\t\t\t\t\t\t\t\t\t\t\t\t\t<\/div>\n\t\t\t\t<\/div>\n\t\t\t\t\t<\/div>\n\t\t\t\t<\/div>\n\t\t\t\t\t<\/div>\n\t\t<\/div>\n\t\t\t\t<div class=\"elementor-column elementor-col-50 elementor-top-column elementor-element elementor-element-d067b90\" data-id=\"d067b90\" data-element_type=\"column\" data-e-type=\"column\">\n\t\t\t<div class=\"elementor-widget-wrap elementor-element-populated\">\n\t\t\t\t\t\t<div class=\"elementor-element elementor-element-c3c1f36 elementor-widget elementor-widget-heading\" data-id=\"c3c1f36\" data-element_type=\"widget\" data-e-type=\"widget\" data-settings=\"{&quot;ekit_we_effect_on&quot;:&quot;none&quot;}\" data-widget_type=\"heading.default\">\n\t\t\t\t<div class=\"elementor-widget-container\">\n\t\t\t\t\t<h3 class=\"elementor-heading-title elementor-size-default\">Tasaci\u00f3n y comercializaci\u00f3n\nde veh\u00edculos\naccidentados<\/h3>\t\t\t\t<\/div>\n\t\t\t\t<\/div>\n\t\t\t\t<div class=\"elementor-element elementor-element-a2dcc47 elementor-widget elementor-widget-text-editor\" data-id=\"a2dcc47\" data-element_type=\"widget\" data-e-type=\"widget\" data-settings=\"{&quot;ekit_we_effect_on&quot;:&quot;none&quot;}\" data-widget_type=\"text-editor.default\">\n\t\t\t\t<div class=\"elementor-widget-container\">\n\t\t\t\t\t\t\t\t\t<p>En Autosiniestros24 buscamos ofrecerte la tasaci\u00f3n m\u00e1s alta para tu coche, y para poder realizar esa tasaci\u00f3n justa contamos con un grupo de profesionales especializados en los distintos campos del sector de la automoci\u00f3n para que puedan emitir la mejor valoraci\u00f3n econ\u00f3mica sobre los restos de tu veh\u00edculo.<\/p>\t\t\t\t\t\t\t\t<\/div>\n\t\t\t\t<\/div>\n\t\t\t\t<div class=\"elementor-element elementor-element-237b3ab elementor-widget elementor-widget-text-editor\" data-id=\"237b3ab\" data-element_type=\"widget\" data-e-type=\"widget\" data-settings=\"{&quot;ekit_we_effect_on&quot;:&quot;none&quot;}\" data-widget_type=\"text-editor.default\">\n\t\t\t\t<div class=\"elementor-widget-container\">\n\t\t\t\t\t\t\t\t\t<ul><li>Recibe la tasaci\u00f3n de tu coche en menos de 1 hora.<\/li><li>Nos encargamos de gestionar toda la documentaci\u00f3n con la Direcci\u00f3n General de Tr\u00e1fico.<\/li><li>Tramitamos la recogida de tu veh\u00edculo en todo el territorio nacional.<\/li><li>Un equipo de profesionales se encargar\u00e1 de tu caso de modo personalizado durante todo el proceso de venta.<\/li><li>Nuestros n\u00fameros nos avalan. Hemos comprado cientos de veh\u00ecculos y todos nuestros clientes est\u00e1n super contentos,\u00a0 tenemos las rese\u00f1as de google m\u00e1s positiva de sector.<\/li><\/ul>\t\t\t\t\t\t\t\t<\/div>\n\t\t\t\t<\/div>\n\t\t\t\t\t<\/div>\n\t\t<\/div>\n\t\t\t\t\t<\/div>\n\t\t<\/section>\n\t\t\t\t<section class=\"elementor-section elementor-top-section elementor-element elementor-element-fc1fee8 elementor-section-content-top elementor-section-boxed elementor-section-height-default elementor-section-height-default\" data-id=\"fc1fee8\" data-element_type=\"section\" data-e-type=\"section\" data-settings=\"{&quot;background_background&quot;:&quot;classic&quot;,&quot;ekit_has_onepagescroll_dot&quot;:&quot;yes&quot;}\">\n\t\t\t\t\t\t\t<div class=\"elementor-background-overlay\"><\/div>\n\t\t\t\t\t\t\t<div class=\"elementor-container elementor-column-gap-no\">\n\t\t\t\t\t<div class=\"elementor-column elementor-col-100 elementor-top-column elementor-element elementor-element-c3a919e\" data-id=\"c3a919e\" data-element_type=\"column\" data-e-type=\"column\">\n\t\t\t<div class=\"elementor-widget-wrap elementor-element-populated\">\n\t\t\t\t\t\t<section class=\"elementor-section elementor-inner-section elementor-element elementor-element-101eac6 elementor-section-content-top elementor-section-boxed elementor-section-height-default elementor-section-height-default\" data-id=\"101eac6\" data-element_type=\"section\" data-e-type=\"section\" data-settings=\"{&quot;ekit_has_onepagescroll_dot&quot;:&quot;yes&quot;}\">\n\t\t\t\t\t\t<div class=\"elementor-container elementor-column-gap-no\">\n\t\t\t\t\t<div class=\"elementor-column elementor-col-25 elementor-inner-column elementor-element elementor-element-43d767e\" data-id=\"43d767e\" data-element_type=\"column\" data-e-type=\"column\">\n\t\t\t<div class=\"elementor-widget-wrap elementor-element-populated\">\n\t\t\t\t\t\t<div class=\"elementor-element elementor-element-8fd3c4a elementor-widget elementor-widget-heading\" data-id=\"8fd3c4a\" data-element_type=\"widget\" data-e-type=\"widget\" data-settings=\"{&quot;ekit_we_effect_on&quot;:&quot;none&quot;}\" data-widget_type=\"heading.default\">\n\t\t\t\t<div class=\"elementor-widget-container\">\n\t\t\t\t\t<h2 class=\"elementor-heading-title elementor-size-default\">Los n\u00fameros hablan por nosotros<\/h2>\t\t\t\t<\/div>\n\t\t\t\t<\/div>\n\t\t\t\t\t<\/div>\n\t\t<\/div>\n\t\t\t\t<div class=\"elementor-column elementor-col-25 elementor-inner-column elementor-element elementor-element-6a49245\" data-id=\"6a49245\" data-element_type=\"column\" data-e-type=\"column\">\n\t\t\t<div class=\"elementor-widget-wrap elementor-element-populated\">\n\t\t\t\t\t\t<div class=\"elementor-element elementor-element-4ca2d0e elementor-widget elementor-widget-counter\" data-id=\"4ca2d0e\" data-element_type=\"widget\" data-e-type=\"widget\" data-settings=\"{&quot;ekit_we_effect_on&quot;:&quot;none&quot;}\" data-widget_type=\"counter.default\">\n\t\t\t\t<div class=\"elementor-widget-container\">\n\t\t\t\t\t\t\t<div class=\"elementor-counter\">\n\t\t\t<div class=\"elementor-counter-title\">Clientes contentos<\/div>\t\t\t<div class=\"elementor-counter-number-wrapper\">\n\t\t\t\t<span class=\"elementor-counter-number-prefix\"><\/span>\n\t\t\t\t<span class=\"elementor-counter-number\" data-duration=\"2000\" data-to-value=\"370\" data-from-value=\"0\">0<\/span>\n\t\t\t\t<span class=\"elementor-counter-number-suffix\"><\/span>\n\t\t\t<\/div>\n\t\t<\/div>\n\t\t\t\t\t\t<\/div>\n\t\t\t\t<\/div>\n\t\t\t\t\t<\/div>\n\t\t<\/div>\n\t\t\t\t<div class=\"elementor-column elementor-col-25 elementor-inner-column elementor-element elementor-element-02be643\" data-id=\"02be643\" data-element_type=\"column\" data-e-type=\"column\">\n\t\t\t<div class=\"elementor-widget-wrap elementor-element-populated\">\n\t\t\t\t\t\t<div class=\"elementor-element elementor-element-b546120 elementor-widget elementor-widget-counter\" data-id=\"b546120\" data-element_type=\"widget\" data-e-type=\"widget\" data-settings=\"{&quot;ekit_we_effect_on&quot;:&quot;none&quot;}\" data-widget_type=\"counter.default\">\n\t\t\t\t<div class=\"elementor-widget-container\">\n\t\t\t\t\t\t\t<div class=\"elementor-counter\">\n\t\t\t<div class=\"elementor-counter-title\">A\u00f1os de experiencia<\/div>\t\t\t<div class=\"elementor-counter-number-wrapper\">\n\t\t\t\t<span class=\"elementor-counter-number-prefix\"><\/span>\n\t\t\t\t<span class=\"elementor-counter-number\" data-duration=\"2000\" data-to-value=\"15\" data-from-value=\"0\">0<\/span>\n\t\t\t\t<span class=\"elementor-counter-number-suffix\"><\/span>\n\t\t\t<\/div>\n\t\t<\/div>\n\t\t\t\t\t\t<\/div>\n\t\t\t\t<\/div>\n\t\t\t\t\t<\/div>\n\t\t<\/div>\n\t\t\t\t<div class=\"elementor-column elementor-col-25 elementor-inner-column elementor-element elementor-element-4d4aeec\" data-id=\"4d4aeec\" data-element_type=\"column\" data-e-type=\"column\">\n\t\t\t<div class=\"elementor-widget-wrap elementor-element-populated\">\n\t\t\t\t\t\t<div class=\"elementor-element elementor-element-c935b39 elementor-widget elementor-widget-counter\" data-id=\"c935b39\" data-element_type=\"widget\" data-e-type=\"widget\" data-settings=\"{&quot;ekit_we_effect_on&quot;:&quot;none&quot;}\" data-widget_type=\"counter.default\">\n\t\t\t\t<div class=\"elementor-widget-container\">\n\t\t\t\t\t\t\t<div class=\"elementor-counter\">\n\t\t\t<div class=\"elementor-counter-title\">Puntuaci\u00f3n Google<\/div>\t\t\t<div class=\"elementor-counter-number-wrapper\">\n\t\t\t\t<span class=\"elementor-counter-number-prefix\"><\/span>\n\t\t\t\t<span class=\"elementor-counter-number\" data-duration=\"2000\" data-to-value=\"4.9\" data-from-value=\"0\">0<\/span>\n\t\t\t\t<span class=\"elementor-counter-number-suffix\"><\/span>\n\t\t\t<\/div>\n\t\t<\/div>\n\t\t\t\t\t\t<\/div>\n\t\t\t\t<\/div>\n\t\t\t\t\t<\/div>\n\t\t<\/div>\n\t\t\t\t\t<\/div>\n\t\t<\/section>\n\t\t\t\t\t<\/div>\n\t\t<\/div>\n\t\t\t\t\t<\/div>\n\t\t<\/section>\n\t\t\t\t<\/div>","protected":false},"excerpt":{"rendered":"<p>quienes somos Tasaci\u00f3n y comercializaci\u00f3n de veh\u00edculos accidentados En Autosiniestros24 buscamos ofrecerte la tasaci\u00f3n m\u00e1s alta para tu coche, y para poder realizar esa tasaci\u00f3n justa contamos con un grupo de profesionales especializados en los distintos campos del sector de la automoci\u00f3n para que puedan emitir la mejor valoraci\u00f3n econ\u00f3mica sobre los restos de tu [&hellip;]<\/p>\n","protected":false},"author":1,"featured_media":0,"parent":0,"menu_order":0,"comment_status":"closed","ping_status":"closed","template":"","meta":{"site-sidebar-layout":"no-sidebar","site-content-layout":"page-builder","ast-site-content-layout":"full-width-container","site-content-style":"unboxed","site-sidebar-style":"unboxed","ast-global-header-display":"","ast-banner-title-visibility":"","ast-main-header-display":"","ast-hfb-above-header-display":"","ast-hfb-below-header-display":"","ast-hfb-mobile-header-display":"","site-post-title":"disabled","ast-breadcrumbs-content":"","ast-featured-img":"disabled","footer-sml-layout":"","theme-transparent-header-meta":"enabled","adv-header-id-meta":"","stick-header-meta":"","header-above-stick-meta":"","header-main-stick-meta":"","header-below-stick-meta":"","astra-migrate-meta-layouts":"set","ast-page-background-enabled":"default","ast-page-background-meta":{"desktop":{"background-color":"","background-image":"","background-repeat":"repeat","background-position":"center center","background-size":"auto","background-attachment":"scroll","background-type":"","background-media":"","overlay-type":"","overlay-color":"","overlay-gradient":""},"tablet":{"background-color":"","background-image":"","background-repeat":"repeat","background-position":"center center","background-size":"auto","background-attachment":"scroll","background-type":"","background-media":"","overlay-type":"","overlay-color":"","overlay-gradient":""},"mobile":{"background-color":"","background-image":"","background-repeat":"repeat","background-position":"center center","background-size":"auto","background-attachment":"scroll","background-type":"","background-media":"","overlay-type":"","overlay-color":"","overlay-gradient":""}},"ast-content-background-meta":{"desktop":{"background-color":"var(--ast-global-color-5)","background-image":"","background-repeat":"repeat","background-position":"center center","background-size":"auto","background-attachment":"scroll","background-type":"","background-media":"","overlay-type":"","overlay-color":"","overlay-gradient":""},"tablet":{"background-color":"var(--ast-global-color-5)","background-image":"","background-repeat":"repeat","background-position":"center center","background-size":"auto","background-attachment":"scroll","background-type":"","background-media":"","overlay-type":"","overlay-color":"","overlay-gradient":""},"mobile":{"background-color":"var(--ast-global-color-5)","background-image":"","background-repeat":"repeat","background-position":"center center","background-size":"auto","background-attachment":"scroll","background-type":"","background-media":"","overlay-type":"","overlay-color":"","overlay-gradient":""}},"footnotes":""},"class_list":["post-126","page","type-page","status-publish","hentry"],"yoast_head":"<!-- This site is optimized with the Yoast SEO plugin v27.3 - https:\/\/yoast.com\/product\/yoast-seo-wordpress\/ -->\n<title>Nosotros - AUTOSINIESTROS24<\/title>\n<meta name=\"robots\" content=\"index, follow, max-snippet:-1, max-image-preview:large, max-video-preview:-1\" \/>\n<link rel=\"canonical\" href=\"https:\/\/autosiniestros24.com\/en\/about\/\" \/>\n<meta property=\"og:locale\" content=\"en_GB\" \/>\n<meta property=\"og:type\" content=\"article\" \/>\n<meta property=\"og:title\" content=\"Nosotros - AUTOSINIESTROS24\" \/>\n<meta property=\"og:description\" content=\"quienes somos Tasaci\u00f3n y comercializaci\u00f3n de veh\u00edculos accidentados En Autosiniestros24 buscamos ofrecerte la tasaci\u00f3n m\u00e1s alta para tu coche, y para poder realizar esa tasaci\u00f3n justa contamos con un grupo de profesionales especializados en los distintos campos del sector de la automoci\u00f3n para que puedan emitir la mejor valoraci\u00f3n econ\u00f3mica sobre los restos de tu [&hellip;]\" \/>\n<meta property=\"og:url\" content=\"https:\/\/autosiniestros24.com\/en\/about\/\" \/>\n<meta property=\"og:site_name\" content=\"AUTOSINIESTROS24\" \/>\n<meta property=\"article:modified_time\" content=\"2025-01-30T10:32:08+00:00\" \/>\n<meta property=\"og:image\" content=\"https:\/\/autosiniestros24.com\/wp-content\/uploads\/2023\/11\/e2gANAKSQAS5IkTfHNX90Q.jpg\" \/>\n\t<meta property=\"og:image:width\" content=\"1024\" \/>\n\t<meta property=\"og:image:height\" content=\"1024\" \/>\n\t<meta property=\"og:image:type\" content=\"image\/jpeg\" \/>\n<meta name=\"twitter:card\" content=\"summary_large_image\" \/>\n<meta name=\"twitter:label1\" content=\"Estimated reading time\" \/>\n\t<meta name=\"twitter:data1\" content=\"1 minute\" \/>\n<script type=\"application\/ld+json\" class=\"yoast-schema-graph\">{\"@context\":\"https:\\\/\\\/schema.org\",\"@graph\":[{\"@type\":\"WebPage\",\"@id\":\"https:\\\/\\\/autosiniestros24.com\\\/about\\\/\",\"url\":\"https:\\\/\\\/autosiniestros24.com\\\/about\\\/\",\"name\":\"Nosotros - AUTOSINIESTROS24\",\"isPartOf\":{\"@id\":\"https:\\\/\\\/autosiniestros24.com\\\/#website\"},\"primaryImageOfPage\":{\"@id\":\"https:\\\/\\\/autosiniestros24.com\\\/about\\\/#primaryimage\"},\"image\":{\"@id\":\"https:\\\/\\\/autosiniestros24.com\\\/about\\\/#primaryimage\"},\"thumbnailUrl\":\"https:\\\/\\\/autosiniestros24.com\\\/wp-content\\\/uploads\\\/2023\\\/11\\\/e2gANAKSQAS5IkTfHNX90Q.jpg\",\"datePublished\":\"2018-11-26T12:45:57+00:00\",\"dateModified\":\"2025-01-30T10:32:08+00:00\",\"breadcrumb\":{\"@id\":\"https:\\\/\\\/autosiniestros24.com\\\/about\\\/#breadcrumb\"},\"inLanguage\":\"en-GB\",\"potentialAction\":[{\"@type\":\"ReadAction\",\"target\":[\"https:\\\/\\\/autosiniestros24.com\\\/about\\\/\"]}]},{\"@type\":\"ImageObject\",\"inLanguage\":\"en-GB\",\"@id\":\"https:\\\/\\\/autosiniestros24.com\\\/about\\\/#primaryimage\",\"url\":\"https:\\\/\\\/autosiniestros24.com\\\/wp-content\\\/uploads\\\/2023\\\/11\\\/e2gANAKSQAS5IkTfHNX90Q.jpg\",\"contentUrl\":\"https:\\\/\\\/autosiniestros24.com\\\/wp-content\\\/uploads\\\/2023\\\/11\\\/e2gANAKSQAS5IkTfHNX90Q.jpg\"},{\"@type\":\"BreadcrumbList\",\"@id\":\"https:\\\/\\\/autosiniestros24.com\\\/about\\\/#breadcrumb\",\"itemListElement\":[{\"@type\":\"ListItem\",\"position\":1,\"name\":\"Portada\",\"item\":\"https:\\\/\\\/autosiniestros24.com\\\/\"},{\"@type\":\"ListItem\",\"position\":2,\"name\":\"Nosotros\"}]},{\"@type\":\"WebSite\",\"@id\":\"https:\\\/\\\/autosiniestros24.com\\\/#website\",\"url\":\"https:\\\/\\\/autosiniestros24.com\\\/\",\"name\":\"AUTOSINIESTROS24\",\"description\":\"ASUTOSINIESTROS24\",\"publisher\":{\"@id\":\"https:\\\/\\\/autosiniestros24.com\\\/#organization\"},\"alternateName\":\"Compramos coches siniestrados y averiados\",\"potentialAction\":[{\"@type\":\"SearchAction\",\"target\":{\"@type\":\"EntryPoint\",\"urlTemplate\":\"https:\\\/\\\/autosiniestros24.com\\\/?s={search_term_string}\"},\"query-input\":{\"@type\":\"PropertyValueSpecification\",\"valueRequired\":true,\"valueName\":\"search_term_string\"}}],\"inLanguage\":\"en-GB\"},{\"@type\":\"Organization\",\"@id\":\"https:\\\/\\\/autosiniestros24.com\\\/#organization\",\"name\":\"AUTOSINIESTROS24\",\"url\":\"https:\\\/\\\/autosiniestros24.com\\\/\",\"logo\":{\"@type\":\"ImageObject\",\"inLanguage\":\"en-GB\",\"@id\":\"https:\\\/\\\/autosiniestros24.com\\\/#\\\/schema\\\/logo\\\/image\\\/\",\"url\":\"https:\\\/\\\/autosiniestros24.com\\\/wp-content\\\/uploads\\\/2023\\\/11\\\/cropped-LOGOS-AUTOSINIESTROS.jpg\",\"contentUrl\":\"https:\\\/\\\/autosiniestros24.com\\\/wp-content\\\/uploads\\\/2023\\\/11\\\/cropped-LOGOS-AUTOSINIESTROS.jpg\",\"width\":753,\"height\":174,\"caption\":\"AUTOSINIESTROS24\"},\"image\":{\"@id\":\"https:\\\/\\\/autosiniestros24.com\\\/#\\\/schema\\\/logo\\\/image\\\/\"},\"sameAs\":[\"https:\\\/\\\/www.youtube.com\\\/@autosiniestros2463\"]}]}<\/script>\n<!-- \/ Yoast SEO plugin. -->","yoast_head_json":{"title":"Nosotros - AUTOSINIESTROS24","robots":{"index":"index","follow":"follow","max-snippet":"max-snippet:-1","max-image-preview":"max-image-preview:large","max-video-preview":"max-video-preview:-1"},"canonical":"https:\/\/autosiniestros24.com\/en\/about\/","og_locale":"en_GB","og_type":"article","og_title":"Nosotros - AUTOSINIESTROS24","og_description":"quienes somos Tasaci\u00f3n y comercializaci\u00f3n de veh\u00edculos accidentados En Autosiniestros24 buscamos ofrecerte la tasaci\u00f3n m\u00e1s alta para tu coche, y para poder realizar esa tasaci\u00f3n justa contamos con un grupo de profesionales especializados en los distintos campos del sector de la automoci\u00f3n para que puedan emitir la mejor valoraci\u00f3n econ\u00f3mica sobre los restos de tu [&hellip;]","og_url":"https:\/\/autosiniestros24.com\/en\/about\/","og_site_name":"AUTOSINIESTROS24","article_modified_time":"2025-01-30T10:32:08+00:00","og_image":[{"width":1024,"height":1024,"url":"https:\/\/autosiniestros24.com\/wp-content\/uploads\/2023\/11\/e2gANAKSQAS5IkTfHNX90Q.jpg","type":"image\/jpeg"}],"twitter_card":"summary_large_image","twitter_misc":{"Estimated reading time":"1 minute"},"schema":{"@context":"https:\/\/schema.org","@graph":[{"@type":"WebPage","@id":"https:\/\/autosiniestros24.com\/about\/","url":"https:\/\/autosiniestros24.com\/about\/","name":"Nosotros - AUTOSINIESTROS24","isPartOf":{"@id":"https:\/\/autosiniestros24.com\/#website"},"primaryImageOfPage":{"@id":"https:\/\/autosiniestros24.com\/about\/#primaryimage"},"image":{"@id":"https:\/\/autosiniestros24.com\/about\/#primaryimage"},"thumbnailUrl":"https:\/\/autosiniestros24.com\/wp-content\/uploads\/2023\/11\/e2gANAKSQAS5IkTfHNX90Q.jpg","datePublished":"2018-11-26T12:45:57+00:00","dateModified":"2025-01-30T10:32:08+00:00","breadcrumb":{"@id":"https:\/\/autosiniestros24.com\/about\/#breadcrumb"},"inLanguage":"en-GB","potentialAction":[{"@type":"ReadAction","target":["https:\/\/autosiniestros24.com\/about\/"]}]},{"@type":"ImageObject","inLanguage":"en-GB","@id":"https:\/\/autosiniestros24.com\/about\/#primaryimage","url":"https:\/\/autosiniestros24.com\/wp-content\/uploads\/2023\/11\/e2gANAKSQAS5IkTfHNX90Q.jpg","contentUrl":"https:\/\/autosiniestros24.com\/wp-content\/uploads\/2023\/11\/e2gANAKSQAS5IkTfHNX90Q.jpg"},{"@type":"BreadcrumbList","@id":"https:\/\/autosiniestros24.com\/about\/#breadcrumb","itemListElement":[{"@type":"ListItem","position":1,"name":"Portada","item":"https:\/\/autosiniestros24.com\/"},{"@type":"ListItem","position":2,"name":"Nosotros"}]},{"@type":"WebSite","@id":"https:\/\/autosiniestros24.com\/#website","url":"https:\/\/autosiniestros24.com\/","name":"AUTOSINIESTROS24","description":"ASUTOSINIESTROS24","publisher":{"@id":"https:\/\/autosiniestros24.com\/#organization"},"alternateName":"Compramos coches siniestrados y averiados","potentialAction":[{"@type":"SearchAction","target":{"@type":"EntryPoint","urlTemplate":"https:\/\/autosiniestros24.com\/?s={search_term_string}"},"query-input":{"@type":"PropertyValueSpecification","valueRequired":true,"valueName":"search_term_string"}}],"inLanguage":"en-GB"},{"@type":"Organization","@id":"https:\/\/autosiniestros24.com\/#organization","name":"AUTOSINIESTROS24","url":"https:\/\/autosiniestros24.com\/","logo":{"@type":"ImageObject","inLanguage":"en-GB","@id":"https:\/\/autosiniestros24.com\/#\/schema\/logo\/image\/","url":"https:\/\/autosiniestros24.com\/wp-content\/uploads\/2023\/11\/cropped-LOGOS-AUTOSINIESTROS.jpg","contentUrl":"https:\/\/autosiniestros24.com\/wp-content\/uploads\/2023\/11\/cropped-LOGOS-AUTOSINIESTROS.jpg","width":753,"height":174,"caption":"AUTOSINIESTROS24"},"image":{"@id":"https:\/\/autosiniestros24.com\/#\/schema\/logo\/image\/"},"sameAs":["https:\/\/www.youtube.com\/@autosiniestros2463"]}]}},"_links":{"self":[{"href":"https:\/\/autosiniestros24.com\/en\/wp-json\/wp\/v2\/pages\/126","targetHints":{"allow":["GET"]}}],"collection":[{"href":"https:\/\/autosiniestros24.com\/en\/wp-json\/wp\/v2\/pages"}],"about":[{"href":"https:\/\/autosiniestros24.com\/en\/wp-json\/wp\/v2\/types\/page"}],"author":[{"embeddable":true,"href":"https:\/\/autosiniestros24.com\/en\/wp-json\/wp\/v2\/users\/1"}],"replies":[{"embeddable":true,"href":"https:\/\/autosiniestros24.com\/en\/wp-json\/wp\/v2\/comments?post=126"}],"version-history":[{"count":61,"href":"https:\/\/autosiniestros24.com\/en\/wp-json\/wp\/v2\/pages\/126\/revisions"}],"predecessor-version":[{"id":1521,"href":"https:\/\/autosiniestros24.com\/en\/wp-json\/wp\/v2\/pages\/126\/revisions\/1521"}],"wp:attachment":[{"href":"https:\/\/autosiniestros24.com\/en\/wp-json\/wp\/v2\/media?parent=126"}],"curies":[{"name":"wp","href":"https:\/\/api.w.org\/{rel}","templated":true}]}}