{"id":9,"date":"2018-11-26T12:46:44","date_gmt":"2018-11-26T12:46:44","guid":{"rendered":"http:\/\/1b9ef041-cbf1-4c0a-9c59-0a68419f5df5.clouding.host\/?page_id=9"},"modified":"2024-05-27T10:26:16","modified_gmt":"2024-05-27T08:26:16","slug":"projects","status":"publish","type":"page","link":"https:\/\/autosiniestros24.com\/en\/projects\/","title":{"rendered":"actualidad"},"content":{"rendered":"\t\t<div data-elementor-type=\"wp-post\" data-elementor-id=\"9\" class=\"elementor elementor-9\" data-elementor-post-type=\"page\">\n\t\t\t\t<div class=\"elementor-element elementor-element-0ff74dd e-flex e-con-boxed e-con e-parent\" data-id=\"0ff74dd\" data-element_type=\"container\" data-e-type=\"container\" data-settings=\"{&quot;ekit_has_onepagescroll_dot&quot;:&quot;yes&quot;}\">\n\t\t\t\t\t<div class=\"e-con-inner\">\n\t\t\t\t\t<\/div>\n\t\t\t\t<\/div>\n\t\t<div class=\"elementor-element elementor-element-9d51e5e e-flex e-con-boxed e-con e-parent\" data-id=\"9d51e5e\" data-element_type=\"container\" data-e-type=\"container\" data-settings=\"{&quot;ekit_has_onepagescroll_dot&quot;:&quot;yes&quot;}\">\n\t\t\t\t\t<div class=\"e-con-inner\">\n\t\t\t\t<div class=\"elementor-element elementor-element-af407e2 elementor-widget elementor-widget-heading\" data-id=\"af407e2\" data-element_type=\"widget\" data-e-type=\"widget\" data-settings=\"{&quot;ekit_we_effect_on&quot;:&quot;none&quot;}\" data-widget_type=\"heading.default\">\n\t\t\t\t<div class=\"elementor-widget-container\">\n\t\t\t\t\t<h2 class=\"elementor-heading-title elementor-size-default\">Noticias Autosiniestros24<\/h2>\t\t\t\t<\/div>\n\t\t\t\t<\/div>\n\t\t\t\t\t<\/div>\n\t\t\t\t<\/div>\n\t\t<div class=\"elementor-element elementor-element-c0ec607 e-flex e-con-boxed e-con e-parent\" data-id=\"c0ec607\" data-element_type=\"container\" data-e-type=\"container\" data-settings=\"{&quot;ekit_has_onepagescroll_dot&quot;:&quot;yes&quot;}\">\n\t\t\t\t\t<div class=\"e-con-inner\">\n\t\t\t\t<div class=\"elementor-element elementor-element-f5f4c37 elementor-widget elementor-widget-elementskit-blog-posts\" data-id=\"f5f4c37\" data-element_type=\"widget\" data-e-type=\"widget\" data-settings=\"{&quot;ekit_we_effect_on&quot;:&quot;none&quot;}\" data-widget_type=\"elementskit-blog-posts.default\">\n\t\t\t\t<div class=\"elementor-widget-container\">\n\t\t\t\t\t<div class=\"ekit-wid-con\" >\n        <div id=\"post-items--f5f4c37\" class=\"row post-items ekit-blog-posts-content\" data-enable=\"no\">\n\n\t\t\t<!-- Blog Carousel markup render -->\n\t\t\t\n\n            <div class=\"col-md-12\">\n\n                                    <div class=\"elementskit-blog-block-post\">\n                        <div class=\"row no-gutters\">\n                                                            <div class=\"col-md-6 order-1\">\n                                    <a href=\"https:\/\/autosiniestros24.com\/en\/servicio-de-grua-en-el-seguro-de-coche-lo-cubre\/\" class=\"elementskit-entry-thumb\">\n                                        <img decoding=\"async\" src=\"https:\/\/autosiniestros24.com\/wp-content\/uploads\/2023\/11\/grua-seguro-de-coche.png\" alt=\"Servicio de gr\u00faa en el seguro de coche, \u00bflo cubre?\">\n                                    <\/a><!-- .elementskit-entry-thumb END -->\n                                <\/div>\n                            \n                            <div class=\"col-md-6 order-2\">\n                                <div class=\"elementskit-post-body \">\n                                    <div class=\"elementskit-entry-header\">\n                                        \n                                                                                                                                                                        \n                                            \n                                                                                                            <h2 class=\"entry-title\">\n                    <a href=\"https:\/\/autosiniestros24.com\/en\/servicio-de-grua-en-el-seguro-de-coche-lo-cubre\/\">\n                            Servicio de gr\u00faa en el seguro de coche, \u00bflo cubre?                    <\/a>\n                <\/h2>\n                                                                                                <\/div><!-- .elementskit-entry-header END -->\n\n                                                                            <div class=\"elementskit-post-footer\">\n                                                                                            <p>\u00bfEn qu\u00e9 consiste el servicio de gr\u00faa en los seguros? El&nbsp;servicio de gr\u00faa&nbsp;suele estar incluido en todas las modalidades (Seguro de coche a terceros&nbsp;b\u00e1sico, Seguro de coche a terceros ampliado y&nbsp;Seguro de coche a todo riesgo). Entra dentro de la&nbsp;cobertura de asistencia en viaje&nbsp;o tambi\u00e9n denominada&nbsp;asistencia en carretera y suele contar con las siguientes prestaciones: [&hellip;] <\/p>\n                                                                                                                                <\/div><!-- .elementskit-post-footer END -->\n                                                                    <\/div><!-- .elementskit-post-body END -->\n                            <\/div>\n                        <\/div>\n                    <\/div><!-- .elementskit-blog-block-post .radius .gradient-bg END -->\n                \n            <\/div>\t\t\t\t\n\n            <div class=\"col-md-12\">\n\n                                    <div class=\"elementskit-blog-block-post\">\n                        <div class=\"row no-gutters\">\n                                                            <div class=\"col-md-6 order-1\">\n                                    <a href=\"https:\/\/autosiniestros24.com\/en\/las-muertes-en-accidentes-de-trafico-bajan-en-espana-casi-un-80-en-20-anos\/\" class=\"elementskit-entry-thumb\">\n                                        <img decoding=\"async\" src=\"https:\/\/autosiniestros24.com\/wp-content\/uploads\/2023\/11\/accidente-1024x576.jpeg\" alt=\"Las muertes en accidentes de tr\u00e1fico bajan en Espa\u00f1a casi un 80% en 20 a\u00f1os\">\n                                    <\/a><!-- .elementskit-entry-thumb END -->\n                                <\/div>\n                            \n                            <div class=\"col-md-6 order-2\">\n                                <div class=\"elementskit-post-body \">\n                                    <div class=\"elementskit-entry-header\">\n                                        \n                                                                                                                                                                        \n                                            \n                                                                                                            <h2 class=\"entry-title\">\n                    <a href=\"https:\/\/autosiniestros24.com\/en\/las-muertes-en-accidentes-de-trafico-bajan-en-espana-casi-un-80-en-20-anos\/\">\n                            Las muertes en accidentes de tr\u00e1fico bajan en Espa\u00f1a casi un 80% en 20 a\u00f1os                    <\/a>\n                <\/h2>\n                                                                                                <\/div><!-- .elementskit-entry-header END -->\n\n                                                                            <div class=\"elementskit-post-footer\">\n                                                                                            <p>En julio 115 personas han perdido la vida en carreteras, una cifra inferior a la del mismo mes de 2022 Hace 20 a\u00f1os mor\u00edan de media 15 personas al d\u00eda en carreteras espa\u00f1olas. En el 2003 fallecieron un total de 5.399 personas en accidentes de tr\u00e1fico, 4.354 m\u00e1s que en 2022. Las siempre tr\u00e1gicas cifras [&hellip;] <\/p>\n                                                                                                                                <\/div><!-- .elementskit-post-footer END -->\n                                                                    <\/div><!-- .elementskit-post-body END -->\n                            <\/div>\n                        <\/div>\n                    <\/div><!-- .elementskit-blog-block-post .radius .gradient-bg END -->\n                \n            <\/div>\t\t\t\t        <\/div>\n        \n        \n        <\/div>\t\t\t\t<\/div>\n\t\t\t\t<\/div>\n\t\t\t\t\t<\/div>\n\t\t\t\t<\/div>\n\t\t<div class=\"elementor-element elementor-element-026c2c0 e-flex e-con-boxed e-con e-parent\" data-id=\"026c2c0\" data-element_type=\"container\" data-e-type=\"container\" data-settings=\"{&quot;ekit_has_onepagescroll_dot&quot;:&quot;yes&quot;}\">\n\t\t\t\t\t<div class=\"e-con-inner\">\n\t\t\t\t<div class=\"elementor-element elementor-element-ab399dc elementor-grid-3 elementor-grid-tablet-2 elementor-grid-mobile-1 elementor-posts--thumbnail-top elementor-widget elementor-widget-archive-posts\" data-id=\"ab399dc\" data-element_type=\"widget\" data-e-type=\"widget\" data-settings=\"{&quot;archive_classic_columns&quot;:&quot;3&quot;,&quot;archive_classic_columns_tablet&quot;:&quot;2&quot;,&quot;archive_classic_columns_mobile&quot;:&quot;1&quot;,&quot;archive_classic_row_gap&quot;:{&quot;unit&quot;:&quot;px&quot;,&quot;size&quot;:35,&quot;sizes&quot;:[]},&quot;archive_classic_row_gap_tablet&quot;:{&quot;unit&quot;:&quot;px&quot;,&quot;size&quot;:&quot;&quot;,&quot;sizes&quot;:[]},&quot;archive_classic_row_gap_mobile&quot;:{&quot;unit&quot;:&quot;px&quot;,&quot;size&quot;:&quot;&quot;,&quot;sizes&quot;:[]},&quot;pagination_type&quot;:&quot;numbers&quot;,&quot;ekit_we_effect_on&quot;:&quot;none&quot;}\" data-widget_type=\"archive-posts.archive_classic\">\n\t\t\t\t<div class=\"elementor-widget-container\">\n\t\t\t\t\t\t\t<div class=\"elementor-posts-container elementor-posts elementor-posts--skin-classic\">\n\t\t\t\t\t\t<div class=\"elementor-posts-nothing-found\">\n\t\t\t\t\tIt seems we can&#039;t find what you&#039;re looking for.\t\t\t\t<\/div>\n\t\t\t\t\t<\/div>\n\t\t\n\t\t\t\t\t\t<\/div>\n\t\t\t\t<\/div>\n\t\t\t\t\t<\/div>\n\t\t\t\t<\/div>\n\t\t\t\t<\/div>\n\t\t","protected":false},"excerpt":{"rendered":"<p>Noticias Autosiniestros24 Servicio de gr\u00faa en el seguro de coche, \u00bflo cubre? \u00bfEn qu\u00e9 consiste el servicio de gr\u00faa en los seguros? El&nbsp;servicio de gr\u00faa&nbsp;suele estar incluido en todas las modalidades (Seguro de coche a terceros&nbsp;b\u00e1sico, Seguro de coche a terceros ampliado y&nbsp;Seguro de coche a todo riesgo). Entra dentro de la&nbsp;cobertura de asistencia en [&hellip;] <\/p>\n","protected":false},"author":1,"featured_media":0,"parent":0,"menu_order":0,"comment_status":"closed","ping_status":"closed","template":"","meta":{"site-sidebar-layout":"no-sidebar","site-content-layout":"page-builder","ast-site-content-layout":"full-width-container","site-content-style":"unboxed","site-sidebar-style":"unboxed","ast-global-header-display":"","ast-banner-title-visibility":"","ast-main-header-display":"","ast-hfb-above-header-display":"","ast-hfb-below-header-display":"","ast-hfb-mobile-header-display":"","site-post-title":"disabled","ast-breadcrumbs-content":"","ast-featured-img":"disabled","footer-sml-layout":"","theme-transparent-header-meta":"enabled","adv-header-id-meta":"","stick-header-meta":"","header-above-stick-meta":"","header-main-stick-meta":"","header-below-stick-meta":"","astra-migrate-meta-layouts":"set","ast-page-background-enabled":"default","ast-page-background-meta":{"desktop":{"background-color":"","background-image":"","background-repeat":"repeat","background-position":"center center","background-size":"auto","background-attachment":"scroll","background-type":"","background-media":"","overlay-type":"","overlay-color":"","overlay-gradient":""},"tablet":{"background-color":"","background-image":"","background-repeat":"repeat","background-position":"center center","background-size":"auto","background-attachment":"scroll","background-type":"","background-media":"","overlay-type":"","overlay-color":"","overlay-gradient":""},"mobile":{"background-color":"","background-image":"","background-repeat":"repeat","background-position":"center center","background-size":"auto","background-attachment":"scroll","background-type":"","background-media":"","overlay-type":"","overlay-color":"","overlay-gradient":""}},"ast-content-background-meta":{"desktop":{"background-color":"var(--ast-global-color-5)","background-image":"","background-repeat":"repeat","background-position":"center center","background-size":"auto","background-attachment":"scroll","background-type":"","background-media":"","overlay-type":"","overlay-color":"","overlay-gradient":""},"tablet":{"background-color":"var(--ast-global-color-5)","background-image":"","background-repeat":"repeat","background-position":"center center","background-size":"auto","background-attachment":"scroll","background-type":"","background-media":"","overlay-type":"","overlay-color":"","overlay-gradient":""},"mobile":{"background-color":"var(--ast-global-color-5)","background-image":"","background-repeat":"repeat","background-position":"center center","background-size":"auto","background-attachment":"scroll","background-type":"","background-media":"","overlay-type":"","overlay-color":"","overlay-gradient":""}},"footnotes":""},"class_list":["post-9","page","type-page","status-publish","hentry"],"yoast_head":"<!-- This site is optimized with the Yoast SEO plugin v27.3 - https:\/\/yoast.com\/product\/yoast-seo-wordpress\/ -->\n<title>actualidad - AUTOSINIESTROS24<\/title>\n<meta name=\"description\" content=\"Aqu\u00ed encontrar\u00e1s todas las noticias del sector de la compra de veh\u00edculos siniestrados y todo lo que te puede interesar\" \/>\n<meta name=\"robots\" content=\"index, follow, max-snippet:-1, max-image-preview:large, max-video-preview:-1\" \/>\n<link rel=\"canonical\" href=\"https:\/\/autosiniestros24.com\/en\/projects\/\" \/>\n<meta property=\"og:locale\" content=\"en_GB\" \/>\n<meta property=\"og:type\" content=\"article\" \/>\n<meta property=\"og:title\" content=\"actualidad - AUTOSINIESTROS24\" \/>\n<meta property=\"og:description\" content=\"Aqu\u00ed encontrar\u00e1s todas las noticias del sector de la compra de veh\u00edculos siniestrados y todo lo que te puede interesar\" \/>\n<meta property=\"og:url\" content=\"https:\/\/autosiniestros24.com\/en\/projects\/\" \/>\n<meta property=\"og:site_name\" content=\"AUTOSINIESTROS24\" \/>\n<meta property=\"article:modified_time\" content=\"2024-05-27T08:26:16+00:00\" \/>\n<meta property=\"og:image\" content=\"https:\/\/autosiniestros24.com\/wp-content\/uploads\/2023\/11\/grua-seguro-de-coche.png\" \/>\n<meta name=\"twitter:card\" content=\"summary_large_image\" \/>\n<meta name=\"twitter:label1\" content=\"Estimated reading time\" \/>\n\t<meta name=\"twitter:data1\" content=\"2 minutes\" \/>\n<script type=\"application\/ld+json\" class=\"yoast-schema-graph\">{\"@context\":\"https:\\\/\\\/schema.org\",\"@graph\":[{\"@type\":\"WebPage\",\"@id\":\"https:\\\/\\\/autosiniestros24.com\\\/projects\\\/\",\"url\":\"https:\\\/\\\/autosiniestros24.com\\\/projects\\\/\",\"name\":\"actualidad - AUTOSINIESTROS24\",\"isPartOf\":{\"@id\":\"https:\\\/\\\/autosiniestros24.com\\\/#website\"},\"primaryImageOfPage\":{\"@id\":\"https:\\\/\\\/autosiniestros24.com\\\/projects\\\/#primaryimage\"},\"image\":{\"@id\":\"https:\\\/\\\/autosiniestros24.com\\\/projects\\\/#primaryimage\"},\"thumbnailUrl\":\"https:\\\/\\\/autosiniestros24.com\\\/wp-content\\\/uploads\\\/2023\\\/11\\\/grua-seguro-de-coche.png\",\"datePublished\":\"2018-11-26T12:46:44+00:00\",\"dateModified\":\"2024-05-27T08:26:16+00:00\",\"description\":\"Aqu\u00ed encontrar\u00e1s todas las noticias del sector de la compra de veh\u00edculos siniestrados y todo lo que te puede interesar\",\"breadcrumb\":{\"@id\":\"https:\\\/\\\/autosiniestros24.com\\\/projects\\\/#breadcrumb\"},\"inLanguage\":\"en-GB\",\"potentialAction\":[{\"@type\":\"ReadAction\",\"target\":[\"https:\\\/\\\/autosiniestros24.com\\\/projects\\\/\"]}]},{\"@type\":\"ImageObject\",\"inLanguage\":\"en-GB\",\"@id\":\"https:\\\/\\\/autosiniestros24.com\\\/projects\\\/#primaryimage\",\"url\":\"https:\\\/\\\/autosiniestros24.com\\\/wp-content\\\/uploads\\\/2023\\\/11\\\/grua-seguro-de-coche.png\",\"contentUrl\":\"https:\\\/\\\/autosiniestros24.com\\\/wp-content\\\/uploads\\\/2023\\\/11\\\/grua-seguro-de-coche.png\"},{\"@type\":\"BreadcrumbList\",\"@id\":\"https:\\\/\\\/autosiniestros24.com\\\/projects\\\/#breadcrumb\",\"itemListElement\":[{\"@type\":\"ListItem\",\"position\":1,\"name\":\"Portada\",\"item\":\"https:\\\/\\\/autosiniestros24.com\\\/\"},{\"@type\":\"ListItem\",\"position\":2,\"name\":\"actualidad\"}]},{\"@type\":\"WebSite\",\"@id\":\"https:\\\/\\\/autosiniestros24.com\\\/#website\",\"url\":\"https:\\\/\\\/autosiniestros24.com\\\/\",\"name\":\"AUTOSINIESTROS24\",\"description\":\"ASUTOSINIESTROS24\",\"publisher\":{\"@id\":\"https:\\\/\\\/autosiniestros24.com\\\/#organization\"},\"alternateName\":\"Compramos coches siniestrados y averiados\",\"potentialAction\":[{\"@type\":\"SearchAction\",\"target\":{\"@type\":\"EntryPoint\",\"urlTemplate\":\"https:\\\/\\\/autosiniestros24.com\\\/?s={search_term_string}\"},\"query-input\":{\"@type\":\"PropertyValueSpecification\",\"valueRequired\":true,\"valueName\":\"search_term_string\"}}],\"inLanguage\":\"en-GB\"},{\"@type\":\"Organization\",\"@id\":\"https:\\\/\\\/autosiniestros24.com\\\/#organization\",\"name\":\"AUTOSINIESTROS24\",\"url\":\"https:\\\/\\\/autosiniestros24.com\\\/\",\"logo\":{\"@type\":\"ImageObject\",\"inLanguage\":\"en-GB\",\"@id\":\"https:\\\/\\\/autosiniestros24.com\\\/#\\\/schema\\\/logo\\\/image\\\/\",\"url\":\"https:\\\/\\\/autosiniestros24.com\\\/wp-content\\\/uploads\\\/2023\\\/11\\\/cropped-LOGOS-AUTOSINIESTROS.jpg\",\"contentUrl\":\"https:\\\/\\\/autosiniestros24.com\\\/wp-content\\\/uploads\\\/2023\\\/11\\\/cropped-LOGOS-AUTOSINIESTROS.jpg\",\"width\":753,\"height\":174,\"caption\":\"AUTOSINIESTROS24\"},\"image\":{\"@id\":\"https:\\\/\\\/autosiniestros24.com\\\/#\\\/schema\\\/logo\\\/image\\\/\"},\"sameAs\":[\"https:\\\/\\\/www.youtube.com\\\/@autosiniestros2463\"]}]}<\/script>\n<!-- \/ Yoast SEO plugin. -->","yoast_head_json":{"title":"actualidad - AUTOSINIESTROS24","description":"Aqu\u00ed encontrar\u00e1s todas las noticias del sector de la compra de veh\u00edculos siniestrados y todo lo que te puede interesar","robots":{"index":"index","follow":"follow","max-snippet":"max-snippet:-1","max-image-preview":"max-image-preview:large","max-video-preview":"max-video-preview:-1"},"canonical":"https:\/\/autosiniestros24.com\/en\/projects\/","og_locale":"en_GB","og_type":"article","og_title":"actualidad - AUTOSINIESTROS24","og_description":"Aqu\u00ed encontrar\u00e1s todas las noticias del sector de la compra de veh\u00edculos siniestrados y todo lo que te puede interesar","og_url":"https:\/\/autosiniestros24.com\/en\/projects\/","og_site_name":"AUTOSINIESTROS24","article_modified_time":"2024-05-27T08:26:16+00:00","og_image":[{"url":"https:\/\/autosiniestros24.com\/wp-content\/uploads\/2023\/11\/grua-seguro-de-coche.png","type":"","width":"","height":""}],"twitter_card":"summary_large_image","twitter_misc":{"Estimated reading time":"2 minutes"},"schema":{"@context":"https:\/\/schema.org","@graph":[{"@type":"WebPage","@id":"https:\/\/autosiniestros24.com\/projects\/","url":"https:\/\/autosiniestros24.com\/projects\/","name":"actualidad - AUTOSINIESTROS24","isPartOf":{"@id":"https:\/\/autosiniestros24.com\/#website"},"primaryImageOfPage":{"@id":"https:\/\/autosiniestros24.com\/projects\/#primaryimage"},"image":{"@id":"https:\/\/autosiniestros24.com\/projects\/#primaryimage"},"thumbnailUrl":"https:\/\/autosiniestros24.com\/wp-content\/uploads\/2023\/11\/grua-seguro-de-coche.png","datePublished":"2018-11-26T12:46:44+00:00","dateModified":"2024-05-27T08:26:16+00:00","description":"Aqu\u00ed encontrar\u00e1s todas las noticias del sector de la compra de veh\u00edculos siniestrados y todo lo que te puede interesar","breadcrumb":{"@id":"https:\/\/autosiniestros24.com\/projects\/#breadcrumb"},"inLanguage":"en-GB","potentialAction":[{"@type":"ReadAction","target":["https:\/\/autosiniestros24.com\/projects\/"]}]},{"@type":"ImageObject","inLanguage":"en-GB","@id":"https:\/\/autosiniestros24.com\/projects\/#primaryimage","url":"https:\/\/autosiniestros24.com\/wp-content\/uploads\/2023\/11\/grua-seguro-de-coche.png","contentUrl":"https:\/\/autosiniestros24.com\/wp-content\/uploads\/2023\/11\/grua-seguro-de-coche.png"},{"@type":"BreadcrumbList","@id":"https:\/\/autosiniestros24.com\/projects\/#breadcrumb","itemListElement":[{"@type":"ListItem","position":1,"name":"Portada","item":"https:\/\/autosiniestros24.com\/"},{"@type":"ListItem","position":2,"name":"actualidad"}]},{"@type":"WebSite","@id":"https:\/\/autosiniestros24.com\/#website","url":"https:\/\/autosiniestros24.com\/","name":"AUTOSINIESTROS24","description":"ASUTOSINIESTROS24","publisher":{"@id":"https:\/\/autosiniestros24.com\/#organization"},"alternateName":"Compramos coches siniestrados y averiados","potentialAction":[{"@type":"SearchAction","target":{"@type":"EntryPoint","urlTemplate":"https:\/\/autosiniestros24.com\/?s={search_term_string}"},"query-input":{"@type":"PropertyValueSpecification","valueRequired":true,"valueName":"search_term_string"}}],"inLanguage":"en-GB"},{"@type":"Organization","@id":"https:\/\/autosiniestros24.com\/#organization","name":"AUTOSINIESTROS24","url":"https:\/\/autosiniestros24.com\/","logo":{"@type":"ImageObject","inLanguage":"en-GB","@id":"https:\/\/autosiniestros24.com\/#\/schema\/logo\/image\/","url":"https:\/\/autosiniestros24.com\/wp-content\/uploads\/2023\/11\/cropped-LOGOS-AUTOSINIESTROS.jpg","contentUrl":"https:\/\/autosiniestros24.com\/wp-content\/uploads\/2023\/11\/cropped-LOGOS-AUTOSINIESTROS.jpg","width":753,"height":174,"caption":"AUTOSINIESTROS24"},"image":{"@id":"https:\/\/autosiniestros24.com\/#\/schema\/logo\/image\/"},"sameAs":["https:\/\/www.youtube.com\/@autosiniestros2463"]}]}},"_links":{"self":[{"href":"https:\/\/autosiniestros24.com\/en\/wp-json\/wp\/v2\/pages\/9","targetHints":{"allow":["GET"]}}],"collection":[{"href":"https:\/\/autosiniestros24.com\/en\/wp-json\/wp\/v2\/pages"}],"about":[{"href":"https:\/\/autosiniestros24.com\/en\/wp-json\/wp\/v2\/types\/page"}],"author":[{"embeddable":true,"href":"https:\/\/autosiniestros24.com\/en\/wp-json\/wp\/v2\/users\/1"}],"replies":[{"embeddable":true,"href":"https:\/\/autosiniestros24.com\/en\/wp-json\/wp\/v2\/comments?post=9"}],"version-history":[{"count":10,"href":"https:\/\/autosiniestros24.com\/en\/wp-json\/wp\/v2\/pages\/9\/revisions"}],"predecessor-version":[{"id":1105,"href":"https:\/\/autosiniestros24.com\/en\/wp-json\/wp\/v2\/pages\/9\/revisions\/1105"}],"wp:attachment":[{"href":"https:\/\/autosiniestros24.com\/en\/wp-json\/wp\/v2\/media?parent=9"}],"curies":[{"name":"wp","href":"https:\/\/api.w.org\/{rel}","templated":true}]}}